{"id":17,"date":"2025-11-25T16:25:25","date_gmt":"2025-11-25T16:25:25","guid":{"rendered":"https:\/\/drohnenservice-cottbus.de\/?page_id=17"},"modified":"2025-11-26T15:41:54","modified_gmt":"2025-11-26T15:41:54","slug":"gebaeudevermessung-3d-modelle","status":"publish","type":"page","link":"https:\/\/drohnenservice-cottbus.de\/index.php\/gebaeudevermessung-3d-modelle\/","title":{"rendered":"Geb\u00e4udevermessung &amp; 3D-Modelle"},"content":{"rendered":"\t\t<div data-elementor-type=\"wp-page\" data-elementor-id=\"17\" class=\"elementor elementor-17\" data-elementor-post-type=\"page\">\n\t\t\t\t<div class=\"elementor-element elementor-element-78e2a3c e-flex e-con-boxed e-con e-parent\" data-id=\"78e2a3c\" data-element_type=\"container\" data-settings=\"{&quot;background_background&quot;:&quot;classic&quot;}\">\n\t\t\t\t\t<div class=\"e-con-inner\">\n\t\t\t\t<div class=\"elementor-element elementor-element-962f7d1 elementor-invisible elementor-widget elementor-widget-heading\" data-id=\"962f7d1\" data-element_type=\"widget\" data-settings=\"{&quot;_animation&quot;:&quot;fadeInDown&quot;}\" data-widget_type=\"heading.default\">\n\t\t\t\t\t<h2 class=\"elementor-heading-title elementor-size-default\">Bilder in 3D formen<\/h2>\t\t\t\t<\/div>\n\t\t\t\t<div class=\"elementor-element elementor-element-dc30b66 elementor-invisible elementor-widget elementor-widget-heading\" data-id=\"dc30b66\" data-element_type=\"widget\" data-settings=\"{&quot;_animation&quot;:&quot;fadeInUp&quot;}\" data-widget_type=\"heading.default\">\n\t\t\t\t\t<h1 class=\"elementor-heading-title elementor-size-default\">Pr\u00e4zise Geb\u00e4udevermessung und 3D-Modelle per Drohne<\/h1>\t\t\t\t<\/div>\n\t\t\t\t\t<\/div>\n\t\t\t\t<\/div>\n\t\t<div class=\"elementor-element elementor-element-c05ad33 e-con-full e-flex e-con e-parent\" data-id=\"c05ad33\" data-element_type=\"container\" data-settings=\"{&quot;background_background&quot;:&quot;gradient&quot;}\">\n\t\t<div class=\"elementor-element elementor-element-5cc8a59 e-con-full e-flex e-con e-child\" data-id=\"5cc8a59\" data-element_type=\"container\" data-settings=\"{&quot;background_background&quot;:&quot;gradient&quot;}\">\n\t\t\t\t<div class=\"elementor-element elementor-element-d708009 elementor-widget elementor-widget-image\" data-id=\"d708009\" data-element_type=\"widget\" data-widget_type=\"image.default\">\n\t\t\t\t\t\t\t\t\t\t\t\t\t\t\t<img fetchpriority=\"high\" decoding=\"async\" width=\"1025\" height=\"768\" src=\"https:\/\/drohnenservice-cottbus.de\/wp-content\/uploads\/2025\/11\/17.jpg\" class=\"attachment-full size-full wp-image-62\" alt=\"Ein modernes Geb\u00e4ude mit Flachdach in einer l\u00e4ndlichen Umgebung. Das Geb\u00e4ude hat eine moderne Architektur.\" srcset=\"https:\/\/drohnenservice-cottbus.de\/wp-content\/uploads\/2025\/11\/17.jpg 1025w, https:\/\/drohnenservice-cottbus.de\/wp-content\/uploads\/2025\/11\/17-300x225.jpg 300w, https:\/\/drohnenservice-cottbus.de\/wp-content\/uploads\/2025\/11\/17-768x575.jpg 768w\" sizes=\"(max-width: 1025px) 100vw, 1025px\" \/>\t\t\t\t\t\t\t\t\t\t\t\t\t\t\t<\/div>\n\t\t\t\t<\/div>\n\t\t<div class=\"elementor-element elementor-element-073ba31 e-con-full e-flex e-con e-child\" data-id=\"073ba31\" data-element_type=\"container\" data-settings=\"{&quot;background_background&quot;:&quot;classic&quot;}\">\n\t\t\t\t<div class=\"elementor-element elementor-element-27d0e1e elementor-invisible elementor-widget elementor-widget-heading\" data-id=\"27d0e1e\" data-element_type=\"widget\" data-settings=\"{&quot;_animation&quot;:&quot;fadeInUp&quot;}\" data-widget_type=\"heading.default\">\n\t\t\t\t\t<h2 class=\"elementor-heading-title elementor-size-default\">Unsere Leistungen im Bereich 3D-Vermessung<\/h2>\t\t\t\t<\/div>\n\t\t\t\t<div class=\"elementor-element elementor-element-ee7a459 elementor-widget elementor-widget-text-editor\" data-id=\"ee7a459\" data-element_type=\"widget\" data-widget_type=\"text-editor.default\">\n\t\t\t\t\t\t\t\t\t<p>Willkommen auf unserer Seite f\u00fcr professionelle 3D-Photogrammetrie und Geb\u00e4udevermessung. Mit modernster Drohnentechnologie erstellen wir detaillierte 3D-Modelle und liefern Ihnen exakte Vermessungsdaten f\u00fcr Ihre Bau- und Immobilienprojekte.<\/p>\t\t\t\t\t\t\t\t<\/div>\n\t\t\t\t<\/div>\n\t\t\t\t<\/div>\n\t\t<div class=\"elementor-element elementor-element-1cea9d4 e-con-full e-flex e-con e-parent\" data-id=\"1cea9d4\" data-element_type=\"container\">\n\t\t\t\t<div class=\"elementor-element elementor-element-0a95f17 elementor-widget__width-initial elementor-widget-mobile__width-inherit elementor-widget elementor-widget-icon-box\" data-id=\"0a95f17\" data-element_type=\"widget\" data-widget_type=\"icon-box.default\">\n\t\t\t\t\t\t\t<div class=\"elementor-icon-box-wrapper\">\n\n\t\t\t\n\t\t\t\t\t\t<div class=\"elementor-icon-box-content\">\n\n\t\t\t\t\t\t\t\t\t<h3 class=\"elementor-icon-box-title\">\n\t\t\t\t\t\t<span  >\n\t\t\t\t\t\t\t3D-Modelle f\u00fcr Architekten und Bauplaner\t\t\t\t\t\t<\/span>\n\t\t\t\t\t<\/h3>\n\t\t\t\t\n\t\t\t\t\t\t\t\t\t<p class=\"elementor-icon-box-description\">\n\t\t\t\t\t\tWir erstellen hochpr\u00e4zise 3D-Modelle von Geb\u00e4uden und Grundst\u00fccken. Diese Modelle eignen sich perfekt f\u00fcr Architekten, Ingenieure und Bauplaner, die exakte Grundlagen f\u00fcr ihre Projekte ben\u00f6tigen. So k\u00f6nnen Sie Dachfl\u00e4chen, Fassaden oder komplette Geb\u00e4udestrukturen digital erfassen und weiterverarbeiten.\t\t\t\t\t<\/p>\n\t\t\t\t\n\t\t\t<\/div>\n\t\t\t\n\t\t<\/div>\n\t\t\t\t\t\t<\/div>\n\t\t\t\t<div class=\"elementor-element elementor-element-932a690 elementor-widget__width-initial elementor-widget-mobile__width-inherit elementor-widget elementor-widget-icon-box\" data-id=\"932a690\" data-element_type=\"widget\" data-widget_type=\"icon-box.default\">\n\t\t\t\t\t\t\t<div class=\"elementor-icon-box-wrapper\">\n\n\t\t\t\n\t\t\t\t\t\t<div class=\"elementor-icon-box-content\">\n\n\t\t\t\t\t\t\t\t\t<h3 class=\"elementor-icon-box-title\">\n\t\t\t\t\t\t<span  >\n\t\t\t\t\t\t\tFl\u00e4chen- und Volumenberechnung per Drohne\t\t\t\t\t\t<\/span>\n\t\t\t\t\t<\/h3>\n\t\t\t\t\n\t\t\t\t\t\t\t\t\t<p class=\"elementor-icon-box-description\">\n\t\t\t\t\t\tMit unserer Drohnentechnologie messen wir Fl\u00e4chen und Volumen von D\u00e4chern, Grundst\u00fccken oder Baumaterialien. Das ist ideal f\u00fcr Dachdecker, Immobilienmakler oder Vermessungsingenieure, die genaue Daten f\u00fcr ihre Kalkulationen brauchen.\t\t\t\t\t<\/p>\n\t\t\t\t\n\t\t\t<\/div>\n\t\t\t\n\t\t<\/div>\n\t\t\t\t\t\t<\/div>\n\t\t\t\t<div class=\"elementor-element elementor-element-e5df66f elementor-widget__width-initial elementor-widget-mobile__width-inherit elementor-widget elementor-widget-icon-box\" data-id=\"e5df66f\" data-element_type=\"widget\" data-widget_type=\"icon-box.default\">\n\t\t\t\t\t\t\t<div class=\"elementor-icon-box-wrapper\">\n\n\t\t\t\n\t\t\t\t\t\t<div class=\"elementor-icon-box-content\">\n\n\t\t\t\t\t\t\t\t\t<h3 class=\"elementor-icon-box-title\">\n\t\t\t\t\t\t<span  >\n\t\t\t\t\t\t\tDokumentation und Visualisierung\t\t\t\t\t\t<\/span>\n\t\t\t\t\t<\/h3>\n\t\t\t\t\n\t\t\t\t\t\t\t\t\t<p class=\"elementor-icon-box-description\">\n\t\t\t\t\t\tWir dokumentieren den Ist-Zustand von Geb\u00e4uden digital. Das hilft Ihnen, Baufortschritte zu visualisieren oder Bestandsaufnahmen f\u00fcr Gutachten zu erstellen.\t\t\t\t\t<\/p>\n\t\t\t\t\n\t\t\t<\/div>\n\t\t\t\n\t\t<\/div>\n\t\t\t\t\t\t<\/div>\n\t\t\t\t<\/div>\n\t\t<div class=\"elementor-element elementor-element-f8ea7cf e-con-full e-flex e-con e-parent\" data-id=\"f8ea7cf\" data-element_type=\"container\" data-settings=\"{&quot;background_background&quot;:&quot;classic&quot;}\">\n\t\t\t\t<div class=\"elementor-element elementor-element-8216442 animated-slow elementor-invisible elementor-widget elementor-widget-heading\" data-id=\"8216442\" data-element_type=\"widget\" data-settings=\"{&quot;_animation&quot;:&quot;fadeInUp&quot;,&quot;_animation_delay&quot;:&quot;0.8&quot;}\" data-widget_type=\"heading.default\">\n\t\t\t\t\t<h2 class=\"elementor-heading-title elementor-size-default\">Ihre Vorteile mit unserer 3D-Photogrammetrie<\/h2>\t\t\t\t<\/div>\n\t\t\t\t<\/div>\n\t\t<div class=\"elementor-element elementor-element-a0074b1 e-con-full e-flex e-con e-parent\" data-id=\"a0074b1\" data-element_type=\"container\">\n\t\t<div class=\"elementor-element elementor-element-4d7d051 e-con-full e-flex e-con e-child\" data-id=\"4d7d051\" data-element_type=\"container\" data-settings=\"{&quot;background_background&quot;:&quot;classic&quot;}\">\n\t\t\t\t<\/div>\n\t\t<div class=\"elementor-element elementor-element-935728f e-con-full e-flex e-con e-child\" data-id=\"935728f\" data-element_type=\"container\" data-settings=\"{&quot;background_background&quot;:&quot;classic&quot;}\">\n\t\t<div class=\"elementor-element elementor-element-bb4cb1b e-con-full e-flex e-con e-child\" data-id=\"bb4cb1b\" data-element_type=\"container\">\n\t\t\t\t<div class=\"elementor-element elementor-element-5d903c2 elementor-widget elementor-widget-image-box\" data-id=\"5d903c2\" data-element_type=\"widget\" data-widget_type=\"image-box.default\">\n\t\t\t\t\t<div class=\"elementor-image-box-wrapper\"><div class=\"elementor-image-box-content\"><h3 class=\"elementor-image-box-title\">Messgenaue Ergebnisse dank modernster Technik<\/h3><p class=\"elementor-image-box-description\">Unsere Drohnen liefern Ihnen messgenaue Daten, die Sie direkt in Ihre CAD- oder BIM-Software integrieren k\u00f6nnen.<\/p><\/div><\/div>\t\t\t\t<\/div>\n\t\t\t\t<div class=\"elementor-element elementor-element-909baf5 elementor-widget elementor-widget-image-box\" data-id=\"909baf5\" data-element_type=\"widget\" data-widget_type=\"image-box.default\">\n\t\t\t\t\t<div class=\"elementor-image-box-wrapper\"><div class=\"elementor-image-box-content\"><h3 class=\"elementor-image-box-title\">Zeit- und Kostenersparnis durch Drohneneinsatz<\/h3><p class=\"elementor-image-box-description\">Sparen Sie Zeit und Kosten, indem Sie auf teure Ger\u00fcste oder aufwendige Vermessungsmethoden verzichten.<\/p><\/div><\/div>\t\t\t\t<\/div>\n\t\t\t\t<div class=\"elementor-element elementor-element-1e4cc36 elementor-align-justify elementor-mobile-align-left elementor-tablet-align-right elementor-widget-mobile__width-inherit elementor-widget elementor-widget-button\" data-id=\"1e4cc36\" data-element_type=\"widget\" data-widget_type=\"button.default\">\n\t\t\t\t\t\t\t\t\t\t<a class=\"elementor-button elementor-button-link elementor-size-sm elementor-animation-float\" href=\"https:\/\/drohnenservice-cottbus.de\/index.php\/kontakt\/\">\n\t\t\t\t\t\t<span class=\"elementor-button-content-wrapper\">\n\t\t\t\t\t\t\t\t\t<span class=\"elementor-button-text\">Interesse an einer pr\u00e4zisen Geb\u00e4udevermessung? Kontaktieren Sie uns jetzt f\u00fcr ein unverbindliches Angebot!<\/span>\n\t\t\t\t\t<\/span>\n\t\t\t\t\t<\/a>\n\t\t\t\t\t\t\t\t<\/div>\n\t\t\t\t<\/div>\n\t\t\t\t<\/div>\n\t\t<div class=\"elementor-element elementor-element-d3b6125 e-con-full elementor-hidden-tablet elementor-hidden-mobile e-flex e-con e-child\" data-id=\"d3b6125\" data-element_type=\"container\">\n\t\t\t\t<\/div>\n\t\t\t\t<\/div>\n\t\t\t\t<\/div>\n\t\t","protected":false},"excerpt":{"rendered":"<p>Bilder in 3D formen Pr\u00e4zise Geb\u00e4udevermessung und 3D-Modelle per Drohne Unsere Leistungen im Bereich 3D-Vermessung Willkommen auf unserer Seite f\u00fcr professionelle 3D-Photogrammetrie und Geb\u00e4udevermessung. Mit modernster Drohnentechnologie erstellen wir detaillierte 3D-Modelle und liefern Ihnen exakte Vermessungsdaten f\u00fcr Ihre Bau- und Immobilienprojekte. 3D-Modelle f\u00fcr Architekten und Bauplaner Wir erstellen hochpr\u00e4zise 3D-Modelle von Geb\u00e4uden und Grundst\u00fccken. Diese [&hellip;]<\/p>\n","protected":false},"author":1,"featured_media":87,"parent":0,"menu_order":2,"comment_status":"closed","ping_status":"closed","template":"","meta":{"footnotes":""},"class_list":["post-17","page","type-page","status-publish","has-post-thumbnail","hentry"],"_links":{"self":[{"href":"https:\/\/drohnenservice-cottbus.de\/index.php\/wp-json\/wp\/v2\/pages\/17","targetHints":{"allow":["GET"]}}],"collection":[{"href":"https:\/\/drohnenservice-cottbus.de\/index.php\/wp-json\/wp\/v2\/pages"}],"about":[{"href":"https:\/\/drohnenservice-cottbus.de\/index.php\/wp-json\/wp\/v2\/types\/page"}],"author":[{"embeddable":true,"href":"https:\/\/drohnenservice-cottbus.de\/index.php\/wp-json\/wp\/v2\/users\/1"}],"replies":[{"embeddable":true,"href":"https:\/\/drohnenservice-cottbus.de\/index.php\/wp-json\/wp\/v2\/comments?post=17"}],"version-history":[{"count":31,"href":"https:\/\/drohnenservice-cottbus.de\/index.php\/wp-json\/wp\/v2\/pages\/17\/revisions"}],"predecessor-version":[{"id":415,"href":"https:\/\/drohnenservice-cottbus.de\/index.php\/wp-json\/wp\/v2\/pages\/17\/revisions\/415"}],"wp:featuredmedia":[{"embeddable":true,"href":"https:\/\/drohnenservice-cottbus.de\/index.php\/wp-json\/wp\/v2\/media\/87"}],"wp:attachment":[{"href":"https:\/\/drohnenservice-cottbus.de\/index.php\/wp-json\/wp\/v2\/media?parent=17"}],"curies":[{"name":"wp","href":"https:\/\/api.w.org\/{rel}","templated":true}]}}